{"id":6083,"date":"2016-11-21T23:43:26","date_gmt":"2016-11-21T22:43:26","guid":{"rendered":"https:\/\/www.nasi-malcki.com\/privacy-policy-and-cookies\/"},"modified":"2024-04-10T10:03:17","modified_gmt":"2024-04-10T08:03:17","slug":"privacy-policy-and-cookies","status":"publish","type":"page","link":"https:\/\/www.nasi-malcki.com\/en\/privacy-policy-and-cookies\/","title":{"rendered":"Privacy policy and cookies"},"content":{"rendered":"<div class=\"wpb-content-wrapper\"><p>[vc_row top_margin=&#8221;page-margin-top&#8221;][vc_column][vc_column_text text_larger=&#8221;no&#8221;]<strong>Politika zasebnosti<\/strong><\/p>\n<p>Zavezujemo se, da bodo vsi osebni podatki pridobljeni preko spletne strani nasi-malcki.com ustrezno varovani in uporabljeni izklju\u010dno za opravljanje storitev, ki jih ponujamo. Zavedamo se ob\u010dutljivosti narave tega podro\u010dja, zato se kot upravitelj tega spletnega mesta obvezujemo, da bomo ravnali v skladu z <a href=\"https:\/\/www.uradni-list.si\/1\/objava.jsp?urlid=200794&amp;stevilka=4690\" target=\"_blank\" rel=\"noopener noreferrer nofollow\">Zakonom o varstvu osebnih podatkov (ZVOP-1-UPB1<\/a>) na\u0161ih spletnih uporabnikov.<\/p>\n<p><strong>Pi\u0161kotki<\/strong><\/p>\n<p><strong>Kaj so pi\u0161kotki?<\/strong> Na\u0161a spletna stran lahko v brskalnik va\u0161ega ra\u010dunalnika odlo\u017ei tako imenovani \u00bbpi\u0161kotek\u00ab. Pi\u0161kotki so majhne besedilne datoteke, ki nam dajejo podatke o tem, kolikokrat posameznik obi\u0161\u010de na\u0161o stran in kaj ga zanima v teh obiskih. Pi\u0161kotki sami ne vsebujejo nobenih podatkov, ki bi omogo\u010dali identifikacijo posameznika, \u010de pa nam te podatke posredujete sami, na primer z registracijo, se ti lahko pove\u017eejo s podatki, ki so shranjeni v pi\u0161kotku.<\/p>\n<p>Na\u0161a spletna stran uporablja pi\u0161kotke zato, da lahko\u00a0<strong>izklju\u010dno za lastne potrebe<\/strong>\u00a0razlo\u010dujemo med obiskovalci in \u0161tejemo njihovo \u0161tevilo in tako izbolj\u0161ujemo delovanje strani. V ta namen uporabljamo najbolj raz\u0161irjeno orodje Google Analytics. Ve\u010d o Google Analytics pi\u0161kotkih si lahko preberete\u00a0<a href=\"https:\/\/developers.google.com\/analytics\/devguides\/collection\/analyticsjs\/cookie-usage\" target=\"_blank\" rel=\"external noopener noreferrer nofollow\">s klikom na to povezavo<\/a>.<br \/>\nNa\u0161a spletna stran uporablja tudi pi\u0161kotke, ki vam zagotavljajo bolj\u0161o uporabni\u0161ko izku\u0161njo s tem, da si zapomnijo iskanje izdelkov na spletni strani, vnesene podatke v spletne obrazce, zadnje ogledane izdelke in va\u0161e strinjanje z uporabo pi\u0161kotkov.<br \/>\nPodatkov, zbranih s pomo\u010djo pi\u0161kotkov, ne bomo posredovali tretjim osebam.<\/p>\n<p><strong>Onemogo\u010denje pi\u0161kotkov<\/strong>:<\/p>\n<p>Nastavitve za pi\u0161kotke lahko spreminjate sami, v brskalniku, ki ga uporabljate:<\/p>\n<p><a href=\"https:\/\/support.google.com\/chrome\/answer\/95647?hl=sl-sl&amp;p=cpn_cookies\" target=\"_blank\" rel=\"noopener noreferrer nofollow\">Chrome<br \/>\n<\/a><a href=\"https:\/\/support.mozilla.org\/sl\/kb\/Kako%20aktivirate%20in%20deaktivirate%20pi%C5%A1kote\" target=\"_blank\" rel=\"noopener noreferrer nofollow\">Firefox<br \/>\n<\/a><a href=\"https:\/\/windows.microsoft.com\/sl-si\/windows7\/how-to-manage-cookies-in-internet-explorer-9\" target=\"_blank\" rel=\"noopener noreferrer nofollow\">Internet Explorer 9<br \/>\n<\/a><a href=\"https:\/\/windows.microsoft.com\/sl-si\/windows-vista\/block-or-allow-cookies\" target=\"_blank\" rel=\"noopener noreferrer nofollow\">Internet Explorer 7 in 8<br \/>\n<\/a><a href=\"https:\/\/www.opera.com\/help\/tutorials\/security\/cookies\/\" target=\"_blank\" rel=\"noopener noreferrer nofollow\">Opera<br \/>\n<\/a><a href=\"https:\/\/support.apple.com\/kb\/PH19214?locale=sl_SI\" target=\"_blank\" rel=\"noopener noreferrer nofollow\">Safari<\/a><\/p>\n<p>\u010ce pi\u0161kotke izklju\u010dite, so lahko nekatere mo\u017enosti spletne strani onemogo\u010dene.[\/vc_column_text][\/vc_column][\/vc_row]<\/p>\n<\/div>","protected":false},"excerpt":{"rendered":"<p>[vc_row top_margin=&#8221;page-margin-top&#8221;][vc_column][vc_column_text text_larger=&#8221;no&#8221;]Politika zasebnosti Zavezujemo se, da bodo vsi osebni podatki pridobljeni preko spletne strani nasi-malcki.com ustrezno varovani in uporabljeni<\/p>\n","protected":false},"author":1,"featured_media":0,"parent":0,"menu_order":0,"comment_status":"closed","ping_status":"closed","template":"","meta":{"footnotes":""},"class_list":["post-6083","page","type-page","status-publish","hentry"],"_links":{"self":[{"href":"https:\/\/www.nasi-malcki.com\/en\/wp-json\/wp\/v2\/pages\/6083","targetHints":{"allow":["GET"]}}],"collection":[{"href":"https:\/\/www.nasi-malcki.com\/en\/wp-json\/wp\/v2\/pages"}],"about":[{"href":"https:\/\/www.nasi-malcki.com\/en\/wp-json\/wp\/v2\/types\/page"}],"author":[{"embeddable":true,"href":"https:\/\/www.nasi-malcki.com\/en\/wp-json\/wp\/v2\/users\/1"}],"replies":[{"embeddable":true,"href":"https:\/\/www.nasi-malcki.com\/en\/wp-json\/wp\/v2\/comments?post=6083"}],"version-history":[{"count":1,"href":"https:\/\/www.nasi-malcki.com\/en\/wp-json\/wp\/v2\/pages\/6083\/revisions"}],"predecessor-version":[{"id":6089,"href":"https:\/\/www.nasi-malcki.com\/en\/wp-json\/wp\/v2\/pages\/6083\/revisions\/6089"}],"wp:attachment":[{"href":"https:\/\/www.nasi-malcki.com\/en\/wp-json\/wp\/v2\/media?parent=6083"}],"curies":[{"name":"wp","href":"https:\/\/api.w.org\/{rel}","templated":true}]}}